{"id":2547,"date":"2018-05-07T09:48:17","date_gmt":"2018-05-07T09:48:17","guid":{"rendered":"https:\/\/www.magnumcellars.ca\/fr\/?post_type=product&#038;p=2547"},"modified":"2020-03-18T03:59:45","modified_gmt":"2020-03-18T03:59:45","slug":"cellier-vin-designer-series-encastrable-148-bouteilles-1-zone","status":"publish","type":"product","link":"https:\/\/www.magnumcellars.ca\/fr\/shop\/cellier-vin-designer-series-encastrable-148-bouteilles-1-zone\/","title":{"rendered":"Cellier \u00e0 vin Designer Series encastrable &#8211; 148 bouteilles, 1&nbsp;zone"},"content":{"rendered":"<hr \/>\n<div class=\"youtube\"><\/div>\n<hr \/>\n<p>&nbsp;<\/p>\n<p>Le tout nouveau cellier \u00e0 vin Designer Series de 148 bouteilles saura vous charmer par son concept unique, audacieux et innovateur. Le rangement du vin est r\u00e9invent\u00e9 par l\u2019exposition des bouteilles parall\u00e8lement \u00e0 la vitre du cellier sur des tablettes coulissantes extensibles \u00e0 80%. Pr\u00e9sentez votre collection de vin sans contrainte d\u2019accessibilit\u00e9 \u00e0 vos bouteilles tout en profitant des meilleures composantes sur le march\u00e9.<\/p>\n<p>Ce cellier \u00e0 vin encastrable, qui peut accommoder tous les formats de bouteilles de vin de 750 ml, s\u2019accordera au style de tous les d\u00e9cors. Les produits Magnum Cellars ont \u00e9t\u00e9 con\u00e7us pour la conservation du vin \u00e0 long terme en offrant les meilleures conditions \u00e0 vos bouteilles. La temp\u00e9rature du cellier est suivie par une sonde pr\u00e9cise et un contr\u00f4le num\u00e9rique, assurant une constance de temp\u00e9rature, laquelle est n\u00e9cessaire au bon vieillissement du vin. La maximisation interne de l\u2019humidit\u00e9 assurera \u00e9galement une conservation id\u00e9ale de votre collection.<\/p>\n<p>Comme tous les vins se conservent \u00e0 la m\u00eame temp\u00e9rature, les celliers encastrables \u00e0 zone unique vous permettent de laisser vos bouteilles se bonifier en toute qui\u00e9tude. Placez-y autant les vins rouges que les vins blancs, vous pourrez les rafra\u00eechir avant le service. Sant\u00e9!<\/p>\n","protected":false},"excerpt":{"rendered":"<p>&nbsp; Le tout nouveau cellier \u00e0 vin Designer Series de 148 bouteilles saura vous charmer par son concept unique, audacieux et innovateur. Le rangement du vin est r\u00e9invent\u00e9 par l\u2019exposition des bouteilles parall\u00e8lement \u00e0 la vitre du cellier sur des tablettes coulissantes extensibles \u00e0 80%. Pr\u00e9sentez votre collection de vin sans contrainte d\u2019accessibilit\u00e9 \u00e0 vos [&hellip;]<\/p>\n","protected":false},"featured_media":331,"comment_status":"open","ping_status":"closed","template":"","meta":[],"_links":{"self":[{"href":"https:\/\/www.magnumcellars.ca\/fr\/wp-json\/wp\/v2\/product\/2547"}],"collection":[{"href":"https:\/\/www.magnumcellars.ca\/fr\/wp-json\/wp\/v2\/product"}],"about":[{"href":"https:\/\/www.magnumcellars.ca\/fr\/wp-json\/wp\/v2\/types\/product"}],"replies":[{"embeddable":true,"href":"https:\/\/www.magnumcellars.ca\/fr\/wp-json\/wp\/v2\/comments?post=2547"}],"wp:featuredmedia":[{"embeddable":true,"href":"https:\/\/www.magnumcellars.ca\/fr\/wp-json\/wp\/v2\/media\/331"}],"wp:attachment":[{"href":"https:\/\/www.magnumcellars.ca\/fr\/wp-json\/wp\/v2\/media?parent=2547"}],"curies":[{"name":"wp","href":"https:\/\/api.w.org\/{rel}","templated":true}]}}