{"id":325,"date":"2016-08-09T20:05:55","date_gmt":"2016-08-09T20:05:55","guid":{"rendered":"http:\/\/www.magnumcellars.ca\/fr\/?post_type=product&#038;p=325"},"modified":"2018-05-07T09:45:44","modified_gmt":"2018-05-07T09:45:44","slug":"cellier-serie-pro-46-bouteilles","status":"publish","type":"product","link":"https:\/\/www.magnumcellars.ca\/fr\/shop\/cellier-serie-pro-46-bouteilles\/","title":{"rendered":"Cellier \u00e0 vin Pro Series encastrable &#8211; 46 bouteilles, 1&nbsp;zone"},"content":{"rendered":"<hr \/>\n<div class=\"youtube\"><iframe loading=\"lazy\" class=\"video\" src=\"https:\/\/www.youtube.com\/embed\/T24Og2SGt8I?rel=0\" width=\"300\" height=\"150\" frameborder=\"0\" allowfullscreen=\"allowfullscreen\"><\/iframe><\/div>\n<hr \/>\n<p>Performant, sobre et efficace, ce cellier \u00e0 vin encastrable qui peut accommoder tous les formats de bouteilles de 750 ml, s\u2019accordera au style de tous les d\u00e9cors. Dot\u00e9 d\u2019une prise d\u2019a\u00e9ration \u00e0 l\u2019avant de l\u2019appareil, vous pouvez encastrer le cellier sans affecter la performance ni la dur\u00e9e de vie de votre cellier \u00e0 vin. Avec sa porte compl\u00e8tement vitr\u00e9e, sa poign\u00e9e en acier inoxydable et sa grille de ventilation, nous n\u2019avons n\u00e9glig\u00e9 aucun d\u00e9tail pour donner \u00e0 ce cellier encastrable une allure incomparable.<\/p>\n<h2>Conservation de vos bouteilles de vin<\/h2>\n<p>Tous les produits Magnum Cellars ont \u00e9t\u00e9 con\u00e7us pour la conservation du vin \u00e0 long terme en offrant les meilleures conditions \u00e0 vos bouteilles. La temp\u00e9rature est suivie par une sonde pr\u00e9cise et un contr\u00f4le num\u00e9rique, assurant une constance de temp\u00e9rature n\u00e9cessaire au bon vieillissement. La maximisation interne de l\u2019humidit\u00e9 vous assurera \u00e9galement une conservation id\u00e9ale de votre collection de bouteilles.<\/p>\n<p>Comme tous les vins se conservent \u00e0 la m\u00eame temp\u00e9rature, les celliers \u00e0 zone unique vous permettent de laisser vos bouteilles se bonifier en toute qui\u00e9tude. Placez-y autant les vins rouges que les vins blancs, vous pourrez rafra\u00eechir ces derniers avant le service. Sant\u00e9!<\/p>\n","protected":false},"excerpt":{"rendered":"<p>Performant, sobre et efficace, ce cellier \u00e0 vin encastrable qui peut accommoder tous les formats de bouteilles de 750 ml, s\u2019accordera au style de tous les d\u00e9cors. Dot\u00e9 d\u2019une prise d\u2019a\u00e9ration \u00e0 l\u2019avant de l\u2019appareil, vous pouvez encastrer le cellier sans affecter la performance ni la dur\u00e9e de vie de votre cellier \u00e0 vin. Avec [&hellip;]<\/p>\n","protected":false},"featured_media":2063,"comment_status":"open","ping_status":"closed","template":"","meta":[],"_links":{"self":[{"href":"https:\/\/www.magnumcellars.ca\/fr\/wp-json\/wp\/v2\/product\/325"}],"collection":[{"href":"https:\/\/www.magnumcellars.ca\/fr\/wp-json\/wp\/v2\/product"}],"about":[{"href":"https:\/\/www.magnumcellars.ca\/fr\/wp-json\/wp\/v2\/types\/product"}],"replies":[{"embeddable":true,"href":"https:\/\/www.magnumcellars.ca\/fr\/wp-json\/wp\/v2\/comments?post=325"}],"wp:featuredmedia":[{"embeddable":true,"href":"https:\/\/www.magnumcellars.ca\/fr\/wp-json\/wp\/v2\/media\/2063"}],"wp:attachment":[{"href":"https:\/\/www.magnumcellars.ca\/fr\/wp-json\/wp\/v2\/media?parent=325"}],"curies":[{"name":"wp","href":"https:\/\/api.w.org\/{rel}","templated":true}]}}