{"id":8377,"date":"2024-02-16T22:24:07","date_gmt":"2024-02-16T22:24:07","guid":{"rendered":"https:\/\/www.magnumcellars.ca\/?post_type=product&#038;p=8377"},"modified":"2024-02-26T01:30:56","modified_gmt":"2024-02-26T01:30:56","slug":"cellier-a-vin-pro-series-encastrable-181-bouteilles-2-zones-promo-canada","status":"publish","type":"product","link":"https:\/\/www.magnumcellars.ca\/fr\/shop\/cellier-a-vin-pro-series-encastrable-181-bouteilles-2-zones-promo-canada\/","title":{"rendered":"Cellier \u00e0 vin Pro Series encastrable &#8211; 181 bouteilles, 2&nbsp;zones"},"content":{"rendered":"<hr \/>\n<div class=\"youtube\"><iframe loading=\"lazy\" class=\"video\" src=\"https:\/\/www.youtube.com\/embed\/386LqCWVt9o?rel=0\" width=\"300\" height=\"150\" frameborder=\"0\" allowfullscreen=\"allowfullscreen\"><\/iframe><\/div>\n<hr \/>\n<p>Performant, sobre et efficace, ce cellier encastrable, qui peut accommoder tous les formats de bouteilles de vin de 750 ml, s\u2019accordera au style de tous les d\u00e9cors. Dot\u00e9 d\u2019une prise d\u2019a\u00e9ration \u00e0 l\u2019avant de l\u2019appareil, vous pourrez encastrer le cellier sans affecter la performance ni la dur\u00e9e de vie de celui-ci. Avec sa porte compl\u00e8tement vitr\u00e9e, la poign\u00e9e en acier inoxydable et la grille de ventilation, nous n\u2019avons n\u00e9glig\u00e9 aucun d\u00e9tail pour donner \u00e0 ce cellier encastrable une allure incomparable.<\/p>\n<p>Les deux sections du cellier \u00e0 temp\u00e9rature distincte, que vous pouvez contr\u00f4ler ind\u00e9pendamment \u00e0 l\u2019aide d\u2019un contr\u00f4le num\u00e9rique, vous permettront de faciliter le service de vos vins en les gardant \u00e0 la temp\u00e9rature optimale de service. Vous pouvez donc placer vos vins blancs dans la section du haut \u00e0 une temp\u00e9rature plus fra\u00eeche et vos vins rouges dans l\u2019autre section \u00e0 une temp\u00e9rature de quelques degr\u00e9s plus \u00e9lev\u00e9e.<\/p>\n<h2>Conservation de vos bouteilles de vin<\/h2>\n<p>Tous les produits Magnum Cellars ont \u00e9t\u00e9 con\u00e7us pour la conservation du vin \u00e0 long terme en offrant les meilleures conditions \u00e0 vos bouteilles. La temp\u00e9rature est suivie par une sonde pr\u00e9cise et un contr\u00f4le num\u00e9rique, assurant une constance de temp\u00e9rature n\u00e9cessaire au bon vieillissement. La maximisation interne de l\u2019humidit\u00e9 vous assurera \u00e9galement une conservation id\u00e9ale de votre collection de bouteilles.<\/p>\n","protected":false},"excerpt":{"rendered":"<p>Performant, sobre et efficace, ce cellier encastrable, qui peut accommoder tous les formats de bouteilles de vin de 750 ml, s\u2019accordera au style de tous les d\u00e9cors. Dot\u00e9 d\u2019une prise d\u2019a\u00e9ration \u00e0 l\u2019avant de l\u2019appareil, vous pourrez encastrer le cellier sans affecter la performance ni la dur\u00e9e de vie de celui-ci. Avec sa porte compl\u00e8tement [&hellip;]<\/p>\n","protected":false},"featured_media":2344,"comment_status":"open","ping_status":"closed","template":"","meta":[],"_links":{"self":[{"href":"https:\/\/www.magnumcellars.ca\/fr\/wp-json\/wp\/v2\/product\/8377"}],"collection":[{"href":"https:\/\/www.magnumcellars.ca\/fr\/wp-json\/wp\/v2\/product"}],"about":[{"href":"https:\/\/www.magnumcellars.ca\/fr\/wp-json\/wp\/v2\/types\/product"}],"replies":[{"embeddable":true,"href":"https:\/\/www.magnumcellars.ca\/fr\/wp-json\/wp\/v2\/comments?post=8377"}],"wp:featuredmedia":[{"embeddable":true,"href":"https:\/\/www.magnumcellars.ca\/fr\/wp-json\/wp\/v2\/media\/2344"}],"wp:attachment":[{"href":"https:\/\/www.magnumcellars.ca\/fr\/wp-json\/wp\/v2\/media?parent=8377"}],"curies":[{"name":"wp","href":"https:\/\/api.w.org\/{rel}","templated":true}]}}